{"id":541,"date":"2018-11-27T09:17:08","date_gmt":"2018-11-27T07:17:08","guid":{"rendered":"https:\/\/hermiayrityskehitys.fi\/about\/"},"modified":"2021-05-17T17:03:26","modified_gmt":"2021-05-17T14:03:26","slug":"about","status":"publish","type":"page","link":"https:\/\/hermiayrityskehitys.fi\/en\/about\/","title":{"rendered":"About"},"content":{"rendered":"<div data-elementor-type=\"wp-post\" data-elementor-id=\"541\" class=\"elementor elementor-541\">\n\t\t\t\t\t\t<section class=\"elementor-section elementor-top-section elementor-element elementor-element-d7d8b56 elementor-section-boxed elementor-section-height-default elementor-section-height-default\" data-id=\"d7d8b56\" data-element_type=\"section\" data-e-type=\"section\" data-settings=\"{&quot;background_background&quot;:&quot;classic&quot;}\">\n\t\t\t\t\t\t\t<div class=\"elementor-background-overlay\"><\/div>\n\t\t\t\t\t\t\t<div class=\"elementor-container elementor-column-gap-default\">\n\t\t\t\t\t<div class=\"elementor-column elementor-col-100 elementor-top-column elementor-element elementor-element-fd69444\" data-id=\"fd69444\" data-element_type=\"column\" data-e-type=\"column\">\n\t\t\t<div class=\"elementor-widget-wrap elementor-element-populated\">\n\t\t\t\t\t\t<div class=\"elementor-element elementor-element-e07acac elementor-widget elementor-widget-heading\" data-id=\"e07acac\" data-element_type=\"widget\" data-e-type=\"widget\" data-widget_type=\"heading.default\">\n\t\t\t\t<div class=\"elementor-widget-container\">\n\t\t\t\t\t<h2 class=\"elementor-heading-title elementor-size-default\">ABOUT THE COMPANY<\/h2>\t\t\t\t<\/div>\n\t\t\t\t<\/div>\n\t\t\t\t\t<\/div>\n\t\t<\/div>\n\t\t\t\t\t<\/div>\n\t\t<\/section>\n\t\t\t\t<section class=\"elementor-section elementor-top-section elementor-element elementor-element-e88fb09 elementor-section-boxed elementor-section-height-default elementor-section-height-default\" data-id=\"e88fb09\" data-element_type=\"section\" data-e-type=\"section\">\n\t\t\t\t\t\t<div class=\"elementor-container elementor-column-gap-default\">\n\t\t\t\t\t<div class=\"elementor-column elementor-col-100 elementor-top-column elementor-element elementor-element-031287c elementor-hidden-phone\" data-id=\"031287c\" data-element_type=\"column\" data-e-type=\"column\">\n\t\t\t<div class=\"elementor-widget-wrap elementor-element-populated\">\n\t\t\t\t\t\t<div class=\"elementor-element elementor-element-9a9eb6e elementor-widget elementor-widget-spacer\" data-id=\"9a9eb6e\" data-element_type=\"widget\" data-e-type=\"widget\" data-widget_type=\"spacer.default\">\n\t\t\t\t<div class=\"elementor-widget-container\">\n\t\t\t\t\t\t\t<div class=\"elementor-spacer\">\n\t\t\t<div class=\"elementor-spacer-inner\"><\/div>\n\t\t<\/div>\n\t\t\t\t\t\t<\/div>\n\t\t\t\t<\/div>\n\t\t\t\t\t<\/div>\n\t\t<\/div>\n\t\t\t\t\t<\/div>\n\t\t<\/section>\n\t\t\t\t<section class=\"elementor-section elementor-inner-section elementor-element elementor-element-38a9b4b0 elementor-section-boxed elementor-section-height-default elementor-section-height-default\" data-id=\"38a9b4b0\" data-element_type=\"section\" data-e-type=\"section\">\n\t\t\t\t\t\t<div class=\"elementor-container elementor-column-gap-default\">\n\t\t\t\t\t<div class=\"elementor-column elementor-col-50 elementor-inner-column elementor-element elementor-element-5652a370\" data-id=\"5652a370\" data-element_type=\"column\" data-e-type=\"column\">\n\t\t\t<div class=\"elementor-widget-wrap elementor-element-populated\">\n\t\t\t\t\t\t<div class=\"elementor-element elementor-element-6fdb95fc elementor-hidden-phone elementor-widget elementor-widget-image\" data-id=\"6fdb95fc\" data-element_type=\"widget\" data-e-type=\"widget\" data-widget_type=\"image.default\">\n\t\t\t\t<div class=\"elementor-widget-container\">\n\t\t\t\t\t\t\t\t\t\t\t\t\t\t\t<img fetchpriority=\"high\" decoding=\"async\" width=\"663\" height=\"382\" src=\"https:\/\/hermiayrityskehitys.fi\/wp-content\/uploads\/2021\/03\/jason-leem-af0bKHO8fsU-unsplash.png\" class=\"attachment-large size-large wp-image-593\" alt=\"\" \/>\t\t\t\t\t\t\t\t\t\t\t\t\t\t\t<\/div>\n\t\t\t\t<\/div>\n\t\t\t\t\t<\/div>\n\t\t<\/div>\n\t\t\t\t<div class=\"elementor-column elementor-col-50 elementor-inner-column elementor-element elementor-element-1e3a041e\" data-id=\"1e3a041e\" data-element_type=\"column\" data-e-type=\"column\">\n\t\t\t<div class=\"elementor-widget-wrap elementor-element-populated\">\n\t\t\t\t\t\t<div class=\"elementor-element elementor-element-876beeb elementor-widget elementor-widget-heading\" data-id=\"876beeb\" data-element_type=\"widget\" data-e-type=\"widget\" data-widget_type=\"heading.default\">\n\t\t\t\t<div class=\"elementor-widget-container\">\n\t\t\t\t\t<h2 class=\"elementor-heading-title elementor-size-default\">How it all started<\/h2>\t\t\t\t<\/div>\n\t\t\t\t<\/div>\n\t\t\t\t<div class=\"elementor-element elementor-element-9512eb2 elementor-widget elementor-widget-text-editor\" data-id=\"9512eb2\" data-element_type=\"widget\" data-e-type=\"widget\" data-widget_type=\"text-editor.default\">\n\t\t\t\t<div class=\"elementor-widget-container\">\n\t\t\t\t\t\t\t\t\t<p>HBD was established in 1992 to enhance the development of startups and to commercialize research results from Tampere University of Technology.<\/p><p>Since then, we have evaluated thousands of business cases, helped hundreds of companies in different parts of their journey, been involved in hundreds of international projects and tens of EU funded projects, and created partnerships all around the world.<\/p><p>Today we utilize all this experience to help our customers from different industries.<\/p>\t\t\t\t\t\t\t\t<\/div>\n\t\t\t\t<\/div>\n\t\t\t\t\t<\/div>\n\t\t<\/div>\n\t\t\t\t\t<\/div>\n\t\t<\/section>\n\t\t\t\t<section class=\"elementor-section elementor-inner-section elementor-element elementor-element-11e0105 elementor-section-boxed elementor-section-height-default elementor-section-height-default\" data-id=\"11e0105\" data-element_type=\"section\" data-e-type=\"section\">\n\t\t\t\t\t\t<div class=\"elementor-container elementor-column-gap-default\">\n\t\t\t\t\t<div class=\"elementor-column elementor-col-50 elementor-inner-column elementor-element elementor-element-54b5e3b\" data-id=\"54b5e3b\" data-element_type=\"column\" data-e-type=\"column\">\n\t\t\t<div class=\"elementor-widget-wrap elementor-element-populated\">\n\t\t\t\t\t\t<div class=\"elementor-element elementor-element-3bebe61 elementor-widget elementor-widget-heading\" data-id=\"3bebe61\" data-element_type=\"widget\" data-e-type=\"widget\" data-widget_type=\"heading.default\">\n\t\t\t\t<div class=\"elementor-widget-container\">\n\t\t\t\t\t<h2 class=\"elementor-heading-title elementor-size-default\">What we do<\/h2>\t\t\t\t<\/div>\n\t\t\t\t<\/div>\n\t\t\t\t<div class=\"elementor-element elementor-element-8a16f23 elementor-widget elementor-widget-text-editor\" data-id=\"8a16f23\" data-element_type=\"widget\" data-e-type=\"widget\" data-widget_type=\"text-editor.default\">\n\t\t\t\t<div class=\"elementor-widget-container\">\n\t\t\t\t\t\t\t\t\t<p class=\"translation-block\">We help our customers to find new markets, customers and products as well as help them access suitable funding. We offer services in business development, growth and development funding and international operations.<\/p>\t\t\t\t\t\t\t\t<\/div>\n\t\t\t\t<\/div>\n\t\t\t\t\t<\/div>\n\t\t<\/div>\n\t\t\t\t<div class=\"elementor-column elementor-col-50 elementor-inner-column elementor-element elementor-element-eb05d32\" data-id=\"eb05d32\" data-element_type=\"column\" data-e-type=\"column\">\n\t\t\t<div class=\"elementor-widget-wrap elementor-element-populated\">\n\t\t\t\t\t\t<div class=\"elementor-element elementor-element-9f93caf elementor-hidden-phone elementor-widget elementor-widget-image\" data-id=\"9f93caf\" data-element_type=\"widget\" data-e-type=\"widget\" data-widget_type=\"image.default\">\n\t\t\t\t<div class=\"elementor-widget-container\">\n\t\t\t\t\t\t\t\t\t\t\t\t\t\t\t<img decoding=\"async\" width=\"663\" height=\"382\" src=\"https:\/\/hermiayrityskehitys.fi\/wp-content\/uploads\/2021\/03\/patrick-tomasso-fMntI8HAAB8-unsplash.png\" class=\"attachment-large size-large wp-image-594\" alt=\"\" \/>\t\t\t\t\t\t\t\t\t\t\t\t\t\t\t<\/div>\n\t\t\t\t<\/div>\n\t\t\t\t\t<\/div>\n\t\t<\/div>\n\t\t\t\t\t<\/div>\n\t\t<\/section>\n\t\t\t\t<section class=\"elementor-section elementor-inner-section elementor-element elementor-element-415a391 elementor-section-boxed elementor-section-height-default elementor-section-height-default\" data-id=\"415a391\" data-element_type=\"section\" data-e-type=\"section\">\n\t\t\t\t\t\t<div class=\"elementor-container elementor-column-gap-default\">\n\t\t\t\t\t<div class=\"elementor-column elementor-col-50 elementor-inner-column elementor-element elementor-element-3ba6ddd\" data-id=\"3ba6ddd\" data-element_type=\"column\" data-e-type=\"column\">\n\t\t\t<div class=\"elementor-widget-wrap elementor-element-populated\">\n\t\t\t\t\t\t<div class=\"elementor-element elementor-element-292e54a elementor-hidden-phone elementor-widget elementor-widget-image\" data-id=\"292e54a\" data-element_type=\"widget\" data-e-type=\"widget\" data-widget_type=\"image.default\">\n\t\t\t\t<div class=\"elementor-widget-container\">\n\t\t\t\t\t\t\t\t\t\t\t\t\t\t\t<img decoding=\"async\" width=\"663\" height=\"382\" src=\"https:\/\/hermiayrityskehitys.fi\/wp-content\/uploads\/2021\/03\/scott-graham-5fNmWej4tAA-unsplash.png\" class=\"attachment-large size-large wp-image-595\" alt=\"\" \/>\t\t\t\t\t\t\t\t\t\t\t\t\t\t\t<\/div>\n\t\t\t\t<\/div>\n\t\t\t\t\t<\/div>\n\t\t<\/div>\n\t\t\t\t<div class=\"elementor-column elementor-col-50 elementor-inner-column elementor-element elementor-element-022b2c2\" data-id=\"022b2c2\" data-element_type=\"column\" data-e-type=\"column\">\n\t\t\t<div class=\"elementor-widget-wrap elementor-element-populated\">\n\t\t\t\t\t\t<div class=\"elementor-element elementor-element-70c3e8b elementor-widget elementor-widget-heading\" data-id=\"70c3e8b\" data-element_type=\"widget\" data-e-type=\"widget\" data-widget_type=\"heading.default\">\n\t\t\t\t<div class=\"elementor-widget-container\">\n\t\t\t\t\t<h2 class=\"elementor-heading-title elementor-size-default\">Why us<\/h2>\t\t\t\t<\/div>\n\t\t\t\t<\/div>\n\t\t\t\t<div class=\"elementor-element elementor-element-e8084ec elementor-widget elementor-widget-text-editor\" data-id=\"e8084ec\" data-element_type=\"widget\" data-e-type=\"widget\" data-widget_type=\"text-editor.default\">\n\t\t\t\t<div class=\"elementor-widget-container\">\n\t\t\t\t\t\t\t\t\t<p>Our expertise is based on our long experience operating in several different fields of industry and working with demanding professional customers. We are experts in connecting companies, technologies, people, and know-how from different industries and different markets.<\/p><p>We treat company-specific information and trade secrets confidentially and responsibly, but also very accurate ones, such as those open to sharing things.<\/p><p>We are a flexible and reliable partner in the eyes of our customers<\/p>\t\t\t\t\t\t\t\t<\/div>\n\t\t\t\t<\/div>\n\t\t\t\t\t<\/div>\n\t\t<\/div>\n\t\t\t\t\t<\/div>\n\t\t<\/section>\n\t\t\t\t<section class=\"elementor-section elementor-top-section elementor-element elementor-element-91cfeff elementor-section-boxed elementor-section-height-default elementor-section-height-default\" data-id=\"91cfeff\" data-element_type=\"section\" data-e-type=\"section\">\n\t\t\t\t\t\t<div class=\"elementor-container elementor-column-gap-default\">\n\t\t\t\t\t<div class=\"elementor-column elementor-col-100 elementor-top-column elementor-element elementor-element-0ab015c\" data-id=\"0ab015c\" data-element_type=\"column\" data-e-type=\"column\">\n\t\t\t<div class=\"elementor-widget-wrap elementor-element-populated\">\n\t\t\t\t\t\t<div class=\"elementor-element elementor-element-3130cb5 elementor-widget elementor-widget-spacer\" data-id=\"3130cb5\" data-element_type=\"widget\" data-e-type=\"widget\" data-widget_type=\"spacer.default\">\n\t\t\t\t<div class=\"elementor-widget-container\">\n\t\t\t\t\t\t\t<div class=\"elementor-spacer\">\n\t\t\t<div class=\"elementor-spacer-inner\"><\/div>\n\t\t<\/div>\n\t\t\t\t\t\t<\/div>\n\t\t\t\t<\/div>\n\t\t\t\t\t<\/div>\n\t\t<\/div>\n\t\t\t\t\t<\/div>\n\t\t<\/section>\n\t\t\t\t<\/div>","protected":false},"excerpt":{"rendered":"<p>TIETOA YRITYKSEST\u00c4 Tarinamme alku Yhti\u00f6 perustettiin vuonna 1992 Tampereen Teknillisen Korkeakoulun hallintojohtaja Seppo Loimion aloitteesta kaupallistamaan perusbudjetilla rahoitettuja korkeakoulun tutkimustuloksia. Samaan aikaan yhti\u00f6 solmi Tampereen Teknologiakeskus Hermian kanssa yhteisty\u00f6sopimuksen teknologiakeskuksen yrityskehitystoiminnan toteuttamisesta. Alusta asti toiminta on ollut innovatiivista, joustavaa ja tehokkaasti asiakasl\u00e4ht\u00f6ist\u00e4. Toiminnan aikana on arvioitu tuhansia liike-, tuote- ja tutkimusideoita, tehty ty\u00f6t\u00e4 satojen eri [&hellip;]<\/p>\n","protected":false},"author":1,"featured_media":0,"parent":0,"menu_order":0,"comment_status":"closed","ping_status":"closed","template":"","meta":{"site-sidebar-layout":"no-sidebar","site-content-layout":"page-builder","ast-site-content-layout":"default","site-content-style":"default","site-sidebar-style":"default","ast-global-header-display":"","ast-banner-title-visibility":"","ast-main-header-display":"","ast-hfb-above-header-display":"","ast-hfb-below-header-display":"","ast-hfb-mobile-header-display":"","site-post-title":"disabled","ast-breadcrumbs-content":"","ast-featured-img":"disabled","footer-sml-layout":"","ast-disable-related-posts":"","theme-transparent-header-meta":"enabled","adv-header-id-meta":"","stick-header-meta":"","header-above-stick-meta":"","header-main-stick-meta":"","header-below-stick-meta":"","astra-migrate-meta-layouts":"default","ast-page-background-enabled":"default","ast-page-background-meta":{"desktop":{"background-color":"","background-image":"","background-repeat":"repeat","background-position":"center center","background-size":"auto","background-attachment":"scroll","background-type":"","background-media":"","overlay-type":"","overlay-color":"","overlay-opacity":"","overlay-gradient":""},"tablet":{"background-color":"","background-image":"","background-repeat":"repeat","background-position":"center center","background-size":"auto","background-attachment":"scroll","background-type":"","background-media":"","overlay-type":"","overlay-color":"","overlay-opacity":"","overlay-gradient":""},"mobile":{"background-color":"","background-image":"","background-repeat":"repeat","background-position":"center center","background-size":"auto","background-attachment":"scroll","background-type":"","background-media":"","overlay-type":"","overlay-color":"","overlay-opacity":"","overlay-gradient":""}},"ast-content-background-meta":{"desktop":{"background-color":"var(--ast-global-color-5)","background-image":"","background-repeat":"repeat","background-position":"center center","background-size":"auto","background-attachment":"scroll","background-type":"","background-media":"","overlay-type":"","overlay-color":"","overlay-opacity":"","overlay-gradient":""},"tablet":{"background-color":"var(--ast-global-color-5)","background-image":"","background-repeat":"repeat","background-position":"center center","background-size":"auto","background-attachment":"scroll","background-type":"","background-media":"","overlay-type":"","overlay-color":"","overlay-opacity":"","overlay-gradient":""},"mobile":{"background-color":"var(--ast-global-color-5)","background-image":"","background-repeat":"repeat","background-position":"center center","background-size":"auto","background-attachment":"scroll","background-type":"","background-media":"","overlay-type":"","overlay-color":"","overlay-opacity":"","overlay-gradient":""}},"footnotes":""},"class_list":["post-541","page","type-page","status-publish","hentry"],"yoast_head":"<!-- This site is optimized with the Yoast SEO plugin v27.4 - https:\/\/yoast.com\/product\/yoast-seo-wordpress\/ -->\n<title>About - Hermia Business Development<\/title>\n<meta name=\"robots\" content=\"index, follow, max-snippet:-1, max-image-preview:large, max-video-preview:-1\" \/>\n<link rel=\"canonical\" href=\"https:\/\/hermiayrityskehitys.fi\/en\/about\/\" \/>\n<meta property=\"og:locale\" content=\"en_GB\" \/>\n<meta property=\"og:type\" content=\"article\" \/>\n<meta property=\"og:title\" content=\"About - Hermia Business Development\" \/>\n<meta property=\"og:description\" content=\"TIETOA YRITYKSEST\u00c4 Tarinamme alku Yhti\u00f6 perustettiin vuonna 1992 Tampereen Teknillisen Korkeakoulun hallintojohtaja Seppo Loimion aloitteesta kaupallistamaan perusbudjetilla rahoitettuja korkeakoulun tutkimustuloksia. Samaan aikaan yhti\u00f6 solmi Tampereen Teknologiakeskus Hermian kanssa yhteisty\u00f6sopimuksen teknologiakeskuksen yrityskehitystoiminnan toteuttamisesta. Alusta asti toiminta on ollut innovatiivista, joustavaa ja tehokkaasti asiakasl\u00e4ht\u00f6ist\u00e4. Toiminnan aikana on arvioitu tuhansia liike-, tuote- ja tutkimusideoita, tehty ty\u00f6t\u00e4 satojen eri [&hellip;]\" \/>\n<meta property=\"og:url\" content=\"https:\/\/hermiayrityskehitys.fi\/en\/about\/\" \/>\n<meta property=\"og:site_name\" content=\"Hermia Business Development\" \/>\n<meta property=\"article:modified_time\" content=\"2021-05-17T14:03:26+00:00\" \/>\n<meta property=\"og:image\" content=\"https:\/\/hermiayrityskehitys.fi\/wp-content\/uploads\/2021\/03\/jason-leem-af0bKHO8fsU-unsplash.png\" \/>\n<meta name=\"twitter:card\" content=\"summary_large_image\" \/>\n<meta name=\"twitter:label1\" content=\"Estimated reading time\" \/>\n\t<meta name=\"twitter:data1\" content=\"1 minute\" \/>\n<script type=\"application\/ld+json\" class=\"yoast-schema-graph\">{\"@context\":\"https:\\\/\\\/schema.org\",\"@graph\":[{\"@type\":\"WebPage\",\"@id\":\"https:\\\/\\\/hermiayrityskehitys.fi\\\/about\\\/\",\"url\":\"https:\\\/\\\/hermiayrityskehitys.fi\\\/about\\\/\",\"name\":\"About - Hermia Business Development\",\"isPartOf\":{\"@id\":\"https:\\\/\\\/hermiayrityskehitys.fi\\\/#website\"},\"primaryImageOfPage\":{\"@id\":\"https:\\\/\\\/hermiayrityskehitys.fi\\\/about\\\/#primaryimage\"},\"image\":{\"@id\":\"https:\\\/\\\/hermiayrityskehitys.fi\\\/about\\\/#primaryimage\"},\"thumbnailUrl\":\"https:\\\/\\\/hermiayrityskehitys.fi\\\/wp-content\\\/uploads\\\/2021\\\/03\\\/jason-leem-af0bKHO8fsU-unsplash.png\",\"datePublished\":\"2018-11-27T07:17:08+00:00\",\"dateModified\":\"2021-05-17T14:03:26+00:00\",\"breadcrumb\":{\"@id\":\"https:\\\/\\\/hermiayrityskehitys.fi\\\/about\\\/#breadcrumb\"},\"inLanguage\":\"en-GB\",\"potentialAction\":[{\"@type\":\"ReadAction\",\"target\":[\"https:\\\/\\\/hermiayrityskehitys.fi\\\/about\\\/\"]}]},{\"@type\":\"ImageObject\",\"inLanguage\":\"en-GB\",\"@id\":\"https:\\\/\\\/hermiayrityskehitys.fi\\\/about\\\/#primaryimage\",\"url\":\"https:\\\/\\\/hermiayrityskehitys.fi\\\/wp-content\\\/uploads\\\/2021\\\/03\\\/jason-leem-af0bKHO8fsU-unsplash.png\",\"contentUrl\":\"https:\\\/\\\/hermiayrityskehitys.fi\\\/wp-content\\\/uploads\\\/2021\\\/03\\\/jason-leem-af0bKHO8fsU-unsplash.png\"},{\"@type\":\"BreadcrumbList\",\"@id\":\"https:\\\/\\\/hermiayrityskehitys.fi\\\/about\\\/#breadcrumb\",\"itemListElement\":[{\"@type\":\"ListItem\",\"position\":1,\"name\":\"Etusivu\",\"item\":\"https:\\\/\\\/hermiayrityskehitys.fi\\\/\"},{\"@type\":\"ListItem\",\"position\":2,\"name\":\"About\"}]},{\"@type\":\"WebSite\",\"@id\":\"https:\\\/\\\/hermiayrityskehitys.fi\\\/#website\",\"url\":\"https:\\\/\\\/hermiayrityskehitys.fi\\\/\",\"name\":\"Hermia Business Development\",\"description\":\"Ihan uusi WordPress-sivusto\",\"publisher\":{\"@id\":\"https:\\\/\\\/hermiayrityskehitys.fi\\\/#organization\"},\"potentialAction\":[{\"@type\":\"SearchAction\",\"target\":{\"@type\":\"EntryPoint\",\"urlTemplate\":\"https:\\\/\\\/hermiayrityskehitys.fi\\\/?s={search_term_string}\"},\"query-input\":{\"@type\":\"PropertyValueSpecification\",\"valueRequired\":true,\"valueName\":\"search_term_string\"}}],\"inLanguage\":\"en-GB\"},{\"@type\":\"Organization\",\"@id\":\"https:\\\/\\\/hermiayrityskehitys.fi\\\/#organization\",\"name\":\"Hermia Yrityskehitys\",\"url\":\"https:\\\/\\\/hermiayrityskehitys.fi\\\/\",\"logo\":{\"@type\":\"ImageObject\",\"inLanguage\":\"en-GB\",\"@id\":\"https:\\\/\\\/hermiayrityskehitys.fi\\\/#\\\/schema\\\/logo\\\/image\\\/\",\"url\":\"https:\\\/\\\/hermiayrityskehitys.fi\\\/wp-content\\\/uploads\\\/2021\\\/05\\\/HermiaOGlogoEnglish.svg\",\"contentUrl\":\"https:\\\/\\\/hermiayrityskehitys.fi\\\/wp-content\\\/uploads\\\/2021\\\/05\\\/HermiaOGlogoEnglish.svg\",\"width\":1,\"height\":1,\"caption\":\"Hermia Yrityskehitys\"},\"image\":{\"@id\":\"https:\\\/\\\/hermiayrityskehitys.fi\\\/#\\\/schema\\\/logo\\\/image\\\/\"},\"sameAs\":[\"https:\\\/\\\/www.linkedin.com\\\/company\\\/hermiabusinessdevelopment\"]}]}<\/script>\n<!-- \/ Yoast SEO plugin. -->","yoast_head_json":{"title":"About - Hermia Business Development","robots":{"index":"index","follow":"follow","max-snippet":"max-snippet:-1","max-image-preview":"max-image-preview:large","max-video-preview":"max-video-preview:-1"},"canonical":"https:\/\/hermiayrityskehitys.fi\/en\/about\/","og_locale":"en_GB","og_type":"article","og_title":"About - Hermia Business Development","og_description":"TIETOA YRITYKSEST\u00c4 Tarinamme alku Yhti\u00f6 perustettiin vuonna 1992 Tampereen Teknillisen Korkeakoulun hallintojohtaja Seppo Loimion aloitteesta kaupallistamaan perusbudjetilla rahoitettuja korkeakoulun tutkimustuloksia. Samaan aikaan yhti\u00f6 solmi Tampereen Teknologiakeskus Hermian kanssa yhteisty\u00f6sopimuksen teknologiakeskuksen yrityskehitystoiminnan toteuttamisesta. Alusta asti toiminta on ollut innovatiivista, joustavaa ja tehokkaasti asiakasl\u00e4ht\u00f6ist\u00e4. Toiminnan aikana on arvioitu tuhansia liike-, tuote- ja tutkimusideoita, tehty ty\u00f6t\u00e4 satojen eri [&hellip;]","og_url":"https:\/\/hermiayrityskehitys.fi\/en\/about\/","og_site_name":"Hermia Business Development","article_modified_time":"2021-05-17T14:03:26+00:00","og_image":[{"url":"https:\/\/hermiayrityskehitys.fi\/wp-content\/uploads\/2021\/03\/jason-leem-af0bKHO8fsU-unsplash.png","type":"","width":"","height":""}],"twitter_card":"summary_large_image","twitter_misc":{"Estimated reading time":"1 minute"},"schema":{"@context":"https:\/\/schema.org","@graph":[{"@type":"WebPage","@id":"https:\/\/hermiayrityskehitys.fi\/about\/","url":"https:\/\/hermiayrityskehitys.fi\/about\/","name":"About - Hermia Business Development","isPartOf":{"@id":"https:\/\/hermiayrityskehitys.fi\/#website"},"primaryImageOfPage":{"@id":"https:\/\/hermiayrityskehitys.fi\/about\/#primaryimage"},"image":{"@id":"https:\/\/hermiayrityskehitys.fi\/about\/#primaryimage"},"thumbnailUrl":"https:\/\/hermiayrityskehitys.fi\/wp-content\/uploads\/2021\/03\/jason-leem-af0bKHO8fsU-unsplash.png","datePublished":"2018-11-27T07:17:08+00:00","dateModified":"2021-05-17T14:03:26+00:00","breadcrumb":{"@id":"https:\/\/hermiayrityskehitys.fi\/about\/#breadcrumb"},"inLanguage":"en-GB","potentialAction":[{"@type":"ReadAction","target":["https:\/\/hermiayrityskehitys.fi\/about\/"]}]},{"@type":"ImageObject","inLanguage":"en-GB","@id":"https:\/\/hermiayrityskehitys.fi\/about\/#primaryimage","url":"https:\/\/hermiayrityskehitys.fi\/wp-content\/uploads\/2021\/03\/jason-leem-af0bKHO8fsU-unsplash.png","contentUrl":"https:\/\/hermiayrityskehitys.fi\/wp-content\/uploads\/2021\/03\/jason-leem-af0bKHO8fsU-unsplash.png"},{"@type":"BreadcrumbList","@id":"https:\/\/hermiayrityskehitys.fi\/about\/#breadcrumb","itemListElement":[{"@type":"ListItem","position":1,"name":"Etusivu","item":"https:\/\/hermiayrityskehitys.fi\/"},{"@type":"ListItem","position":2,"name":"About"}]},{"@type":"WebSite","@id":"https:\/\/hermiayrityskehitys.fi\/#website","url":"https:\/\/hermiayrityskehitys.fi\/","name":"Hermia Business Development","description":"Ihan uusi WordPress-sivusto","publisher":{"@id":"https:\/\/hermiayrityskehitys.fi\/#organization"},"potentialAction":[{"@type":"SearchAction","target":{"@type":"EntryPoint","urlTemplate":"https:\/\/hermiayrityskehitys.fi\/?s={search_term_string}"},"query-input":{"@type":"PropertyValueSpecification","valueRequired":true,"valueName":"search_term_string"}}],"inLanguage":"en-GB"},{"@type":"Organization","@id":"https:\/\/hermiayrityskehitys.fi\/#organization","name":"Hermia Yrityskehitys","url":"https:\/\/hermiayrityskehitys.fi\/","logo":{"@type":"ImageObject","inLanguage":"en-GB","@id":"https:\/\/hermiayrityskehitys.fi\/#\/schema\/logo\/image\/","url":"https:\/\/hermiayrityskehitys.fi\/wp-content\/uploads\/2021\/05\/HermiaOGlogoEnglish.svg","contentUrl":"https:\/\/hermiayrityskehitys.fi\/wp-content\/uploads\/2021\/05\/HermiaOGlogoEnglish.svg","width":1,"height":1,"caption":"Hermia Yrityskehitys"},"image":{"@id":"https:\/\/hermiayrityskehitys.fi\/#\/schema\/logo\/image\/"},"sameAs":["https:\/\/www.linkedin.com\/company\/hermiabusinessdevelopment"]}]}},"_links":{"self":[{"href":"https:\/\/hermiayrityskehitys.fi\/en\/wp-json\/wp\/v2\/pages\/541","targetHints":{"allow":["GET"]}}],"collection":[{"href":"https:\/\/hermiayrityskehitys.fi\/en\/wp-json\/wp\/v2\/pages"}],"about":[{"href":"https:\/\/hermiayrityskehitys.fi\/en\/wp-json\/wp\/v2\/types\/page"}],"author":[{"embeddable":true,"href":"https:\/\/hermiayrityskehitys.fi\/en\/wp-json\/wp\/v2\/users\/1"}],"replies":[{"embeddable":true,"href":"https:\/\/hermiayrityskehitys.fi\/en\/wp-json\/wp\/v2\/comments?post=541"}],"version-history":[{"count":30,"href":"https:\/\/hermiayrityskehitys.fi\/en\/wp-json\/wp\/v2\/pages\/541\/revisions"}],"predecessor-version":[{"id":1132,"href":"https:\/\/hermiayrityskehitys.fi\/en\/wp-json\/wp\/v2\/pages\/541\/revisions\/1132"}],"wp:attachment":[{"href":"https:\/\/hermiayrityskehitys.fi\/en\/wp-json\/wp\/v2\/media?parent=541"}],"curies":[{"name":"wp","href":"https:\/\/api.w.org\/{rel}","templated":true}]}}