{"id":666,"date":"2021-03-30T11:11:47","date_gmt":"2021-03-30T08:11:47","guid":{"rendered":"https:\/\/hermiayrityskehitys.fi\/?page_id=666"},"modified":"2021-05-20T14:03:19","modified_gmt":"2021-05-20T11:03:19","slug":"business-development","status":"publish","type":"page","link":"https:\/\/hermiayrityskehitys.fi\/en\/business-development\/","title":{"rendered":"Business development"},"content":{"rendered":"<div data-elementor-type=\"wp-page\" data-elementor-id=\"666\" class=\"elementor elementor-666\">\n\t\t\t\t\t\t<section class=\"elementor-section elementor-top-section elementor-element elementor-element-446eef91 elementor-section-boxed elementor-section-height-default elementor-section-height-default\" data-id=\"446eef91\" data-element_type=\"section\" data-e-type=\"section\" data-settings=\"{&quot;background_background&quot;:&quot;classic&quot;}\">\n\t\t\t\t\t\t\t<div class=\"elementor-background-overlay\"><\/div>\n\t\t\t\t\t\t\t<div class=\"elementor-container elementor-column-gap-default\">\n\t\t\t\t\t<div class=\"elementor-column elementor-col-100 elementor-top-column elementor-element elementor-element-495110b0\" data-id=\"495110b0\" data-element_type=\"column\" data-e-type=\"column\">\n\t\t\t<div class=\"elementor-widget-wrap elementor-element-populated\">\n\t\t\t\t\t\t<div class=\"elementor-element elementor-element-431d838a elementor-widget elementor-widget-heading\" data-id=\"431d838a\" data-element_type=\"widget\" data-e-type=\"widget\" data-widget_type=\"heading.default\">\n\t\t\t\t<div class=\"elementor-widget-container\">\n\t\t\t\t\t<h1 class=\"elementor-heading-title elementor-size-default\">BUSINESS DEVELOPMENT <\/h1>\t\t\t\t<\/div>\n\t\t\t\t<\/div>\n\t\t\t\t\t<\/div>\n\t\t<\/div>\n\t\t\t\t\t<\/div>\n\t\t<\/section>\n\t\t\t\t<section class=\"elementor-section elementor-top-section elementor-element elementor-element-cade454 elementor-section-boxed elementor-section-height-default elementor-section-height-default\" data-id=\"cade454\" data-element_type=\"section\" data-e-type=\"section\">\n\t\t\t\t\t\t<div class=\"elementor-container elementor-column-gap-default\">\n\t\t\t\t\t<div class=\"elementor-column elementor-col-100 elementor-top-column elementor-element elementor-element-b68f176\" data-id=\"b68f176\" data-element_type=\"column\" data-e-type=\"column\">\n\t\t\t<div class=\"elementor-widget-wrap elementor-element-populated\">\n\t\t\t\t\t\t<section class=\"elementor-section elementor-inner-section elementor-element elementor-element-5309645 elementor-section-boxed elementor-section-height-default elementor-section-height-default\" data-id=\"5309645\" data-element_type=\"section\" data-e-type=\"section\">\n\t\t\t\t\t\t<div class=\"elementor-container elementor-column-gap-custom\">\n\t\t\t\t\t<div class=\"elementor-column elementor-col-50 elementor-inner-column elementor-element elementor-element-b2b3f4a\" data-id=\"b2b3f4a\" data-element_type=\"column\" data-e-type=\"column\">\n\t\t\t<div class=\"elementor-widget-wrap elementor-element-populated\">\n\t\t\t\t\t\t<div class=\"elementor-element elementor-element-eb4b6c5 elementor-widget elementor-widget-menu-anchor\" data-id=\"eb4b6c5\" data-element_type=\"widget\" data-e-type=\"widget\" data-widget_type=\"menu-anchor.default\">\n\t\t\t\t<div class=\"elementor-widget-container\">\n\t\t\t\t\t\t\t<div class=\"elementor-menu-anchor\" id=\"strategy-and-business-planning\"><\/div>\n\t\t\t\t\t\t<\/div>\n\t\t\t\t<\/div>\n\t\t\t\t<div class=\"elementor-element elementor-element-2332130 elementor-hidden-phone elementor-widget elementor-widget-heading\" data-id=\"2332130\" data-element_type=\"widget\" data-e-type=\"widget\" data-widget_type=\"heading.default\">\n\t\t\t\t<div class=\"elementor-widget-container\">\n\t\t\t\t\t<h2 class=\"elementor-heading-title elementor-size-default\">Strategy and business planning<\/h2>\t\t\t\t<\/div>\n\t\t\t\t<\/div>\n\t\t\t\t<div class=\"elementor-element elementor-element-4154356 elementor-hidden-desktop elementor-hidden-tablet elementor-widget elementor-widget-heading\" data-id=\"4154356\" data-element_type=\"widget\" data-e-type=\"widget\" data-widget_type=\"heading.default\">\n\t\t\t\t<div class=\"elementor-widget-container\">\n\t\t\t\t\t<h2 class=\"elementor-heading-title elementor-size-default\">Strategiaty\u00f6 ja liiketoiminta- <br> suunnitelmat<\/h2>\t\t\t\t<\/div>\n\t\t\t\t<\/div>\n\t\t\t\t<div class=\"elementor-element elementor-element-0ed5f27 elementor-widget elementor-widget-text-editor\" data-id=\"0ed5f27\" data-element_type=\"widget\" data-e-type=\"widget\" data-widget_type=\"text-editor.default\">\n\t\t\t\t<div class=\"elementor-widget-container\">\n\t\t\t\t\t\t\t\t\t<p>ln strategy work it is essential to reach a logical outcome through a effective and systematic process that leads to strategic development projects, indicators and implementation schedules. Our strength is in guiding of the strategic work and process into the right direction. Our external vision helps the company to crystallize their strategy in an easily understandable form.<\/p><p>Regarding the contents and calculations of business plans, we make sure that that the writing process is built on a realistic base with a clear red thread built into the plan.<\/p>\t\t\t\t\t\t\t\t<\/div>\n\t\t\t\t<\/div>\n\t\t\t\t\t<\/div>\n\t\t<\/div>\n\t\t\t\t<div class=\"elementor-column elementor-col-50 elementor-inner-column elementor-element elementor-element-790c011\" data-id=\"790c011\" data-element_type=\"column\" data-e-type=\"column\">\n\t\t\t<div class=\"elementor-widget-wrap elementor-element-populated\">\n\t\t\t\t\t\t<div class=\"elementor-element elementor-element-95a6f2b elementor-widget elementor-widget-menu-anchor\" data-id=\"95a6f2b\" data-element_type=\"widget\" data-e-type=\"widget\" data-widget_type=\"menu-anchor.default\">\n\t\t\t\t<div class=\"elementor-widget-container\">\n\t\t\t\t\t\t\t<div class=\"elementor-menu-anchor\" id=\"project-management-services\"><\/div>\n\t\t\t\t\t\t<\/div>\n\t\t\t\t<\/div>\n\t\t\t\t<div class=\"elementor-element elementor-element-d533832 elementor-widget elementor-widget-heading\" data-id=\"d533832\" data-element_type=\"widget\" data-e-type=\"widget\" data-widget_type=\"heading.default\">\n\t\t\t\t<div class=\"elementor-widget-container\">\n\t\t\t\t\t<h2 class=\"elementor-heading-title elementor-size-default\">Project management services<\/h2>\t\t\t\t<\/div>\n\t\t\t\t<\/div>\n\t\t\t\t<div class=\"elementor-element elementor-element-1e8ab56 elementor-widget elementor-widget-text-editor\" data-id=\"1e8ab56\" data-element_type=\"widget\" data-e-type=\"widget\" data-widget_type=\"text-editor.default\">\n\t\t\t\t<div class=\"elementor-widget-container\">\n\t\t\t\t\t\t\t\t\t<p>In the project management service, an expert will be appointed to customer\u2019s project. The tasks of the expert will be customized according to the needs of the customer and the project. Often our expert will be part of the project steering group and will help with steering the project, implementation actions, project meetings, documentation as well as interim and final reports e.g., to the financier.<\/p>\t\t\t\t\t\t\t\t<\/div>\n\t\t\t\t<\/div>\n\t\t\t\t\t<\/div>\n\t\t<\/div>\n\t\t\t\t\t<\/div>\n\t\t<\/section>\n\t\t\t\t<section class=\"elementor-section elementor-inner-section elementor-element elementor-element-b8f97c3 elementor-section-boxed elementor-section-height-default elementor-section-height-default\" data-id=\"b8f97c3\" data-element_type=\"section\" data-e-type=\"section\">\n\t\t\t\t\t\t<div class=\"elementor-container elementor-column-gap-custom\">\n\t\t\t\t\t<div class=\"elementor-column elementor-col-50 elementor-inner-column elementor-element elementor-element-2762ca4\" data-id=\"2762ca4\" data-element_type=\"column\" data-e-type=\"column\">\n\t\t\t<div class=\"elementor-widget-wrap elementor-element-populated\">\n\t\t\t\t\t\t<div class=\"elementor-element elementor-element-1799ea4 elementor-widget elementor-widget-menu-anchor\" data-id=\"1799ea4\" data-element_type=\"widget\" data-e-type=\"widget\" data-widget_type=\"menu-anchor.default\">\n\t\t\t\t<div class=\"elementor-widget-container\">\n\t\t\t\t\t\t\t<div class=\"elementor-menu-anchor\" id=\"development-projects-and-project-planning\"><\/div>\n\t\t\t\t\t\t<\/div>\n\t\t\t\t<\/div>\n\t\t\t\t<div class=\"elementor-element elementor-element-1456e11 elementor-widget elementor-widget-heading\" data-id=\"1456e11\" data-element_type=\"widget\" data-e-type=\"widget\" data-widget_type=\"heading.default\">\n\t\t\t\t<div class=\"elementor-widget-container\">\n\t\t\t\t\t<h2 class=\"elementor-heading-title elementor-size-default\">Development projects and project planning<\/h2>\t\t\t\t<\/div>\n\t\t\t\t<\/div>\n\t\t\t\t<div class=\"elementor-element elementor-element-868bb16 elementor-widget elementor-widget-text-editor\" data-id=\"868bb16\" data-element_type=\"widget\" data-e-type=\"widget\" data-widget_type=\"text-editor.default\">\n\t\t\t\t<div class=\"elementor-widget-container\">\n\t\t\t\t\t\t\t\t\t<p>We serve our customers in defining and describing their development ideas into concrete tasks and work packages that describe the responsibilities, schedules and resources of the project. Through repetitions, our strength has become the perception and construction of project plans that are in accordance with the customer\u2019s needs and strategy, and are easily understandable to partners, and suitable to the chosen financing sources.<\/p>\t\t\t\t\t\t\t\t<\/div>\n\t\t\t\t<\/div>\n\t\t\t\t\t<\/div>\n\t\t<\/div>\n\t\t\t\t<div class=\"elementor-column elementor-col-50 elementor-inner-column elementor-element elementor-element-e12a78e\" data-id=\"e12a78e\" data-element_type=\"column\" data-e-type=\"column\">\n\t\t\t<div class=\"elementor-widget-wrap elementor-element-populated\">\n\t\t\t\t\t\t<div class=\"elementor-element elementor-element-dd42684 elementor-widget elementor-widget-menu-anchor\" data-id=\"dd42684\" data-element_type=\"widget\" data-e-type=\"widget\" data-widget_type=\"menu-anchor.default\">\n\t\t\t\t<div class=\"elementor-widget-container\">\n\t\t\t\t\t\t\t<div class=\"elementor-menu-anchor\" id=\"product-search\"><\/div>\n\t\t\t\t\t\t<\/div>\n\t\t\t\t<\/div>\n\t\t\t\t<div class=\"elementor-element elementor-element-60e98e0 elementor-widget elementor-widget-heading\" data-id=\"60e98e0\" data-element_type=\"widget\" data-e-type=\"widget\" data-widget_type=\"heading.default\">\n\t\t\t\t<div class=\"elementor-widget-container\">\n\t\t\t\t\t<h2 class=\"elementor-heading-title elementor-size-default\">Product search<\/h2>\t\t\t\t<\/div>\n\t\t\t\t<\/div>\n\t\t\t\t<div class=\"elementor-element elementor-element-a5c4964 elementor-widget elementor-widget-text-editor\" data-id=\"a5c4964\" data-element_type=\"widget\" data-e-type=\"widget\" data-widget_type=\"text-editor.default\">\n\t\t\t\t<div class=\"elementor-widget-container\">\n\t\t\t\t\t\t\t\t\t<p>The product search process aims to find a new own product for a company. The search criteria will first be established together with the customer. Then, a direct search is done to search various sources for a product, product idea or technology that meets the set criteria, and from which it is possible to build new own business.<\/p>\t\t\t\t\t\t\t\t<\/div>\n\t\t\t\t<\/div>\n\t\t\t\t\t<\/div>\n\t\t<\/div>\n\t\t\t\t\t<\/div>\n\t\t<\/section>\n\t\t\t\t\t<\/div>\n\t\t<\/div>\n\t\t\t\t\t<\/div>\n\t\t<\/section>\n\t\t\t\t<\/div>","protected":false},"excerpt":{"rendered":"<p>LIIKETOIMINNAN KEHITT\u00c4MINEN Strategiaty\u00f6 ja liiketoimintasuunnitelmat Strategiaty\u00f6 ja liiketoiminta- suunnitelmat Strategiaty\u00f6ss\u00e4 olennaista on p\u00e4\u00e4st\u00e4 j\u00e4rjestelm\u00e4llisell\u00e4 prosessilla tehokkaasti loogiseen tulokseen, josta voidaan johtaa strategiset kehitysprojektit, mittarit ja toteutusaikataulut. Strategiaty\u00f6n ja -prosessin liikkeen sek\u00e4 suunnan ohjaamisessa olemme vahvoja. Ulkopuolinen n\u00e4kemyksemme auttaa yrityst\u00e4 strategian kiteytt\u00e4misess\u00e4 ymm\u00e4rrett\u00e4v\u00e4\u00e4n muotoon. Liiketoimintasuunnitelmien sis\u00e4lt\u00f6jen ja laskelmien suhteen pid\u00e4mme prosessin l\u00e4pivienniss\u00e4 ja kirjoittamisessa huolta siit\u00e4, [&hellip;]<\/p>\n","protected":false},"author":1,"featured_media":0,"parent":0,"menu_order":0,"comment_status":"closed","ping_status":"closed","template":"","meta":{"site-sidebar-layout":"no-sidebar","site-content-layout":"page-builder","ast-site-content-layout":"default","site-content-style":"default","site-sidebar-style":"default","ast-global-header-display":"","ast-banner-title-visibility":"","ast-main-header-display":"","ast-hfb-above-header-display":"","ast-hfb-below-header-display":"","ast-hfb-mobile-header-display":"","site-post-title":"disabled","ast-breadcrumbs-content":"","ast-featured-img":"disabled","footer-sml-layout":"","ast-disable-related-posts":"","theme-transparent-header-meta":"default","adv-header-id-meta":"","stick-header-meta":"","header-above-stick-meta":"","header-main-stick-meta":"","header-below-stick-meta":"","astra-migrate-meta-layouts":"default","ast-page-background-enabled":"default","ast-page-background-meta":{"desktop":{"background-color":"","background-image":"","background-repeat":"repeat","background-position":"center center","background-size":"auto","background-attachment":"scroll","background-type":"","background-media":"","overlay-type":"","overlay-color":"","overlay-opacity":"","overlay-gradient":""},"tablet":{"background-color":"","background-image":"","background-repeat":"repeat","background-position":"center center","background-size":"auto","background-attachment":"scroll","background-type":"","background-media":"","overlay-type":"","overlay-color":"","overlay-opacity":"","overlay-gradient":""},"mobile":{"background-color":"","background-image":"","background-repeat":"repeat","background-position":"center center","background-size":"auto","background-attachment":"scroll","background-type":"","background-media":"","overlay-type":"","overlay-color":"","overlay-opacity":"","overlay-gradient":""}},"ast-content-background-meta":{"desktop":{"background-color":"var(--ast-global-color-5)","background-image":"","background-repeat":"repeat","background-position":"center center","background-size":"auto","background-attachment":"scroll","background-type":"","background-media":"","overlay-type":"","overlay-color":"","overlay-opacity":"","overlay-gradient":""},"tablet":{"background-color":"var(--ast-global-color-5)","background-image":"","background-repeat":"repeat","background-position":"center center","background-size":"auto","background-attachment":"scroll","background-type":"","background-media":"","overlay-type":"","overlay-color":"","overlay-opacity":"","overlay-gradient":""},"mobile":{"background-color":"var(--ast-global-color-5)","background-image":"","background-repeat":"repeat","background-position":"center center","background-size":"auto","background-attachment":"scroll","background-type":"","background-media":"","overlay-type":"","overlay-color":"","overlay-opacity":"","overlay-gradient":""}},"footnotes":""},"class_list":["post-666","page","type-page","status-publish","hentry"],"yoast_head":"<!-- This site is optimized with the Yoast SEO plugin v27.5 - https:\/\/yoast.com\/product\/yoast-seo-wordpress\/ -->\n<title>Business development - Hermia Business Development<\/title>\n<meta name=\"robots\" content=\"index, follow, max-snippet:-1, max-image-preview:large, max-video-preview:-1\" \/>\n<link rel=\"canonical\" href=\"https:\/\/hermiayrityskehitys.fi\/en\/business-development\/\" \/>\n<meta property=\"og:locale\" content=\"en_GB\" \/>\n<meta property=\"og:type\" content=\"article\" \/>\n<meta property=\"og:title\" content=\"Business development - Hermia Business Development\" \/>\n<meta property=\"og:description\" content=\"LIIKETOIMINNAN KEHITT\u00c4MINEN Strategiaty\u00f6 ja liiketoimintasuunnitelmat Strategiaty\u00f6 ja liiketoiminta- suunnitelmat Strategiaty\u00f6ss\u00e4 olennaista on p\u00e4\u00e4st\u00e4 j\u00e4rjestelm\u00e4llisell\u00e4 prosessilla tehokkaasti loogiseen tulokseen, josta voidaan johtaa strategiset kehitysprojektit, mittarit ja toteutusaikataulut. Strategiaty\u00f6n ja -prosessin liikkeen sek\u00e4 suunnan ohjaamisessa olemme vahvoja. Ulkopuolinen n\u00e4kemyksemme auttaa yrityst\u00e4 strategian kiteytt\u00e4misess\u00e4 ymm\u00e4rrett\u00e4v\u00e4\u00e4n muotoon. Liiketoimintasuunnitelmien sis\u00e4lt\u00f6jen ja laskelmien suhteen pid\u00e4mme prosessin l\u00e4pivienniss\u00e4 ja kirjoittamisessa huolta siit\u00e4, [&hellip;]\" \/>\n<meta property=\"og:url\" content=\"https:\/\/hermiayrityskehitys.fi\/en\/business-development\/\" \/>\n<meta property=\"og:site_name\" content=\"Hermia Business Development\" \/>\n<meta property=\"article:modified_time\" content=\"2021-05-20T11:03:19+00:00\" \/>\n<meta name=\"twitter:card\" content=\"summary_large_image\" \/>\n<meta name=\"twitter:label1\" content=\"Estimated reading time\" \/>\n\t<meta name=\"twitter:data1\" content=\"1 minute\" \/>\n<script type=\"application\/ld+json\" class=\"yoast-schema-graph\">{\"@context\":\"https:\\\/\\\/schema.org\",\"@graph\":[{\"@type\":\"WebPage\",\"@id\":\"https:\\\/\\\/hermiayrityskehitys.fi\\\/business-development\\\/\",\"url\":\"https:\\\/\\\/hermiayrityskehitys.fi\\\/business-development\\\/\",\"name\":\"Business development - Hermia Business Development\",\"isPartOf\":{\"@id\":\"https:\\\/\\\/hermiayrityskehitys.fi\\\/#website\"},\"datePublished\":\"2021-03-30T08:11:47+00:00\",\"dateModified\":\"2021-05-20T11:03:19+00:00\",\"breadcrumb\":{\"@id\":\"https:\\\/\\\/hermiayrityskehitys.fi\\\/business-development\\\/#breadcrumb\"},\"inLanguage\":\"en-GB\",\"potentialAction\":[{\"@type\":\"ReadAction\",\"target\":[\"https:\\\/\\\/hermiayrityskehitys.fi\\\/business-development\\\/\"]}]},{\"@type\":\"BreadcrumbList\",\"@id\":\"https:\\\/\\\/hermiayrityskehitys.fi\\\/business-development\\\/#breadcrumb\",\"itemListElement\":[{\"@type\":\"ListItem\",\"position\":1,\"name\":\"Etusivu\",\"item\":\"https:\\\/\\\/hermiayrityskehitys.fi\\\/\"},{\"@type\":\"ListItem\",\"position\":2,\"name\":\"Business development\"}]},{\"@type\":\"WebSite\",\"@id\":\"https:\\\/\\\/hermiayrityskehitys.fi\\\/#website\",\"url\":\"https:\\\/\\\/hermiayrityskehitys.fi\\\/\",\"name\":\"Hermia Business Development\",\"description\":\"Ihan uusi WordPress-sivusto\",\"publisher\":{\"@id\":\"https:\\\/\\\/hermiayrityskehitys.fi\\\/#organization\"},\"potentialAction\":[{\"@type\":\"SearchAction\",\"target\":{\"@type\":\"EntryPoint\",\"urlTemplate\":\"https:\\\/\\\/hermiayrityskehitys.fi\\\/?s={search_term_string}\"},\"query-input\":{\"@type\":\"PropertyValueSpecification\",\"valueRequired\":true,\"valueName\":\"search_term_string\"}}],\"inLanguage\":\"en-GB\"},{\"@type\":\"Organization\",\"@id\":\"https:\\\/\\\/hermiayrityskehitys.fi\\\/#organization\",\"name\":\"Hermia Yrityskehitys\",\"url\":\"https:\\\/\\\/hermiayrityskehitys.fi\\\/\",\"logo\":{\"@type\":\"ImageObject\",\"inLanguage\":\"en-GB\",\"@id\":\"https:\\\/\\\/hermiayrityskehitys.fi\\\/#\\\/schema\\\/logo\\\/image\\\/\",\"url\":\"https:\\\/\\\/hermiayrityskehitys.fi\\\/wp-content\\\/uploads\\\/2021\\\/05\\\/HermiaOGlogoEnglish.svg\",\"contentUrl\":\"https:\\\/\\\/hermiayrityskehitys.fi\\\/wp-content\\\/uploads\\\/2021\\\/05\\\/HermiaOGlogoEnglish.svg\",\"width\":1,\"height\":1,\"caption\":\"Hermia Yrityskehitys\"},\"image\":{\"@id\":\"https:\\\/\\\/hermiayrityskehitys.fi\\\/#\\\/schema\\\/logo\\\/image\\\/\"},\"sameAs\":[\"https:\\\/\\\/www.linkedin.com\\\/company\\\/hermiabusinessdevelopment\"]}]}<\/script>\n<!-- \/ Yoast SEO plugin. -->","yoast_head_json":{"title":"Business development - Hermia Business Development","robots":{"index":"index","follow":"follow","max-snippet":"max-snippet:-1","max-image-preview":"max-image-preview:large","max-video-preview":"max-video-preview:-1"},"canonical":"https:\/\/hermiayrityskehitys.fi\/en\/business-development\/","og_locale":"en_GB","og_type":"article","og_title":"Business development - Hermia Business Development","og_description":"LIIKETOIMINNAN KEHITT\u00c4MINEN Strategiaty\u00f6 ja liiketoimintasuunnitelmat Strategiaty\u00f6 ja liiketoiminta- suunnitelmat Strategiaty\u00f6ss\u00e4 olennaista on p\u00e4\u00e4st\u00e4 j\u00e4rjestelm\u00e4llisell\u00e4 prosessilla tehokkaasti loogiseen tulokseen, josta voidaan johtaa strategiset kehitysprojektit, mittarit ja toteutusaikataulut. Strategiaty\u00f6n ja -prosessin liikkeen sek\u00e4 suunnan ohjaamisessa olemme vahvoja. Ulkopuolinen n\u00e4kemyksemme auttaa yrityst\u00e4 strategian kiteytt\u00e4misess\u00e4 ymm\u00e4rrett\u00e4v\u00e4\u00e4n muotoon. Liiketoimintasuunnitelmien sis\u00e4lt\u00f6jen ja laskelmien suhteen pid\u00e4mme prosessin l\u00e4pivienniss\u00e4 ja kirjoittamisessa huolta siit\u00e4, [&hellip;]","og_url":"https:\/\/hermiayrityskehitys.fi\/en\/business-development\/","og_site_name":"Hermia Business Development","article_modified_time":"2021-05-20T11:03:19+00:00","twitter_card":"summary_large_image","twitter_misc":{"Estimated reading time":"1 minute"},"schema":{"@context":"https:\/\/schema.org","@graph":[{"@type":"WebPage","@id":"https:\/\/hermiayrityskehitys.fi\/business-development\/","url":"https:\/\/hermiayrityskehitys.fi\/business-development\/","name":"Business development - Hermia Business Development","isPartOf":{"@id":"https:\/\/hermiayrityskehitys.fi\/#website"},"datePublished":"2021-03-30T08:11:47+00:00","dateModified":"2021-05-20T11:03:19+00:00","breadcrumb":{"@id":"https:\/\/hermiayrityskehitys.fi\/business-development\/#breadcrumb"},"inLanguage":"en-GB","potentialAction":[{"@type":"ReadAction","target":["https:\/\/hermiayrityskehitys.fi\/business-development\/"]}]},{"@type":"BreadcrumbList","@id":"https:\/\/hermiayrityskehitys.fi\/business-development\/#breadcrumb","itemListElement":[{"@type":"ListItem","position":1,"name":"Etusivu","item":"https:\/\/hermiayrityskehitys.fi\/"},{"@type":"ListItem","position":2,"name":"Business development"}]},{"@type":"WebSite","@id":"https:\/\/hermiayrityskehitys.fi\/#website","url":"https:\/\/hermiayrityskehitys.fi\/","name":"Hermia Business Development","description":"Ihan uusi WordPress-sivusto","publisher":{"@id":"https:\/\/hermiayrityskehitys.fi\/#organization"},"potentialAction":[{"@type":"SearchAction","target":{"@type":"EntryPoint","urlTemplate":"https:\/\/hermiayrityskehitys.fi\/?s={search_term_string}"},"query-input":{"@type":"PropertyValueSpecification","valueRequired":true,"valueName":"search_term_string"}}],"inLanguage":"en-GB"},{"@type":"Organization","@id":"https:\/\/hermiayrityskehitys.fi\/#organization","name":"Hermia Yrityskehitys","url":"https:\/\/hermiayrityskehitys.fi\/","logo":{"@type":"ImageObject","inLanguage":"en-GB","@id":"https:\/\/hermiayrityskehitys.fi\/#\/schema\/logo\/image\/","url":"https:\/\/hermiayrityskehitys.fi\/wp-content\/uploads\/2021\/05\/HermiaOGlogoEnglish.svg","contentUrl":"https:\/\/hermiayrityskehitys.fi\/wp-content\/uploads\/2021\/05\/HermiaOGlogoEnglish.svg","width":1,"height":1,"caption":"Hermia Yrityskehitys"},"image":{"@id":"https:\/\/hermiayrityskehitys.fi\/#\/schema\/logo\/image\/"},"sameAs":["https:\/\/www.linkedin.com\/company\/hermiabusinessdevelopment"]}]}},"_links":{"self":[{"href":"https:\/\/hermiayrityskehitys.fi\/en\/wp-json\/wp\/v2\/pages\/666","targetHints":{"allow":["GET"]}}],"collection":[{"href":"https:\/\/hermiayrityskehitys.fi\/en\/wp-json\/wp\/v2\/pages"}],"about":[{"href":"https:\/\/hermiayrityskehitys.fi\/en\/wp-json\/wp\/v2\/types\/page"}],"author":[{"embeddable":true,"href":"https:\/\/hermiayrityskehitys.fi\/en\/wp-json\/wp\/v2\/users\/1"}],"replies":[{"embeddable":true,"href":"https:\/\/hermiayrityskehitys.fi\/en\/wp-json\/wp\/v2\/comments?post=666"}],"version-history":[{"count":50,"href":"https:\/\/hermiayrityskehitys.fi\/en\/wp-json\/wp\/v2\/pages\/666\/revisions"}],"predecessor-version":[{"id":1152,"href":"https:\/\/hermiayrityskehitys.fi\/en\/wp-json\/wp\/v2\/pages\/666\/revisions\/1152"}],"wp:attachment":[{"href":"https:\/\/hermiayrityskehitys.fi\/en\/wp-json\/wp\/v2\/media?parent=666"}],"curies":[{"name":"wp","href":"https:\/\/api.w.org\/{rel}","templated":true}]}}